{"id":930,"date":"2019-05-28T13:07:30","date_gmt":"2019-05-28T11:07:30","guid":{"rendered":"https:\/\/www.auxtroisdamoiselles.com\/?page_id=930"},"modified":"2020-11-28T22:36:39","modified_gmt":"2020-11-28T21:36:39","slug":"bistrot","status":"publish","type":"page","link":"https:\/\/www.auxtroisdamoiselles.com\/en\/bistrot\/","title":{"rendered":"Bistro"},"content":{"rendered":"<p>Work in progress.<\/p>\n<div class=\"service-column service-info-box service-column-1 service-boxes-icon-with-title alignicon-left alignicon-left-horizontal serviceboxes-horizontal clearfix\">\n<div class=\"service-item service-item-space\"><img decoding=\"async\" class=\"service-image\" src=\"https:\/\/www.auxtroisdamoiselles.com\/wp-content\/uploads\/2019\/05\/IMG_3640.jpg\" alt=\"info-image\" \/><h4><\/h4><div class=\"service-details\"> <\/div><\/div>\n<\/div>\n<div class=\"service-column service-info-box service-column-1 service-boxes-icon-with-title alignicon-left alignicon-left-horizontal serviceboxes-horizontal clearfix\">\n<div class=\"service-item service-item-space\"><img decoding=\"async\" class=\"service-image\" src=\"https:\/\/www.auxtroisdamoiselles.com\/wp-content\/uploads\/2019\/05\/IMG_5175.jpg\" alt=\"info-image\" \/><h4><\/h4><div class=\"service-details\"> <\/div><\/div>\n<\/div><\/p>","protected":false},"excerpt":{"rendered":"<p>Work in progress.<\/p>\n","protected":false},"author":1,"featured_media":0,"parent":0,"menu_order":0,"comment_status":"closed","ping_status":"closed","template":"","meta":{"footnotes":""},"class_list":["post-930","page","type-page","status-publish","hentry"],"yoast_head":"<!-- This site is optimized with the Yoast SEO plugin v27.1.1 - https:\/\/yoast.com\/product\/yoast-seo-wordpress\/ -->\n<title>Bistro - Aux trois damoiselles<\/title>\n<meta name=\"description\" content=\"Le Boogie-Blues, petit bistrot dans la cour des Trois Damoiselles, vous accueille au printemps et en \u00e9t\u00e9 pour d\u00e9guster des produits autour de la pomme et\" \/>\n<meta name=\"robots\" content=\"index, follow, max-snippet:-1, max-image-preview:large, max-video-preview:-1\" \/>\n<link rel=\"canonical\" href=\"https:\/\/www.auxtroisdamoiselles.com\/bistrot\/\" \/>\n<meta property=\"og:locale\" content=\"en_US\" \/>\n<meta property=\"og:type\" content=\"article\" \/>\n<meta property=\"og:title\" content=\"[:fr]Bistrot[:en]Bistro[:] - Aux trois damoiselles\" \/>\n<meta property=\"og:description\" content=\"Le Boogie-Blues, petit bistrot dans la cour des Trois Damoiselles, vous accueille au printemps et en \u00e9t\u00e9 pour d\u00e9guster des produits autour de la pomme et\" \/>\n<meta property=\"og:url\" content=\"https:\/\/www.auxtroisdamoiselles.com\/bistrot\/\" \/>\n<meta property=\"og:site_name\" content=\"Aux trois damoiselles\" \/>\n<meta property=\"article:modified_time\" content=\"2020-11-28T21:36:39+00:00\" \/>\n<meta name=\"twitter:card\" content=\"summary_large_image\" \/>\n<meta name=\"twitter:label1\" content=\"Est. reading time\" \/>\n\t<meta name=\"twitter:data1\" content=\"1 minute\" \/>\n<script type=\"application\/ld+json\" class=\"yoast-schema-graph\">{\"@context\":\"https:\/\/schema.org\",\"@graph\":[{\"@type\":\"WebPage\",\"@id\":\"https:\/\/www.auxtroisdamoiselles.com\/bistrot\/\",\"url\":\"https:\/\/www.auxtroisdamoiselles.com\/bistrot\/\",\"name\":\"[:fr]Bistrot[:en]Bistro[:] - Aux trois damoiselles\",\"isPartOf\":{\"@id\":\"https:\/\/www.auxtroisdamoiselles.com\/en\/#website\"},\"datePublished\":\"2019-05-28T11:07:30+00:00\",\"dateModified\":\"2020-11-28T21:36:39+00:00\",\"description\":\"Le Boogie-Blues, petit bistrot dans la cour des Trois Damoiselles, vous accueille au printemps et en \u00e9t\u00e9 pour d\u00e9guster des produits autour de la pomme et\",\"breadcrumb\":{\"@id\":\"https:\/\/www.auxtroisdamoiselles.com\/bistrot\/#breadcrumb\"},\"inLanguage\":\"en-US\",\"potentialAction\":[{\"@type\":\"ReadAction\",\"target\":[\"https:\/\/www.auxtroisdamoiselles.com\/bistrot\/\"]}]},{\"@type\":\"BreadcrumbList\",\"@id\":\"https:\/\/www.auxtroisdamoiselles.com\/bistrot\/#breadcrumb\",\"itemListElement\":[{\"@type\":\"ListItem\",\"position\":1,\"name\":\"Accueil\",\"item\":\"https:\/\/www.auxtroisdamoiselles.com\/en\/\"},{\"@type\":\"ListItem\",\"position\":2,\"name\":\"Bistrot\"}]},{\"@type\":\"WebSite\",\"@id\":\"https:\/\/www.auxtroisdamoiselles.com\/en\/#website\",\"url\":\"https:\/\/www.auxtroisdamoiselles.com\/en\/\",\"name\":\"Aux trois damoiselles\",\"description\":\"\",\"potentialAction\":[{\"@type\":\"SearchAction\",\"target\":{\"@type\":\"EntryPoint\",\"urlTemplate\":\"https:\/\/www.auxtroisdamoiselles.com\/en\/?s={search_term_string}\"},\"query-input\":{\"@type\":\"PropertyValueSpecification\",\"valueRequired\":true,\"valueName\":\"search_term_string\"}}],\"inLanguage\":\"en-US\"}]}<\/script>\n<!-- \/ Yoast SEO plugin. -->","yoast_head_json":{"title":"[:fr]Bistrot[:en]Bistro[:] - Aux trois damoiselles","description":"Le Boogie-Blues, petit bistrot dans la cour des Trois Damoiselles, vous accueille au printemps et en \u00e9t\u00e9 pour d\u00e9guster des produits autour de la pomme et","robots":{"index":"index","follow":"follow","max-snippet":"max-snippet:-1","max-image-preview":"max-image-preview:large","max-video-preview":"max-video-preview:-1"},"canonical":"https:\/\/www.auxtroisdamoiselles.com\/bistrot\/","og_locale":"en_US","og_type":"article","og_title":"[:fr]Bistrot[:en]Bistro[:] - Aux trois damoiselles","og_description":"Le Boogie-Blues, petit bistrot dans la cour des Trois Damoiselles, vous accueille au printemps et en \u00e9t\u00e9 pour d\u00e9guster des produits autour de la pomme et","og_url":"https:\/\/www.auxtroisdamoiselles.com\/bistrot\/","og_site_name":"Aux trois damoiselles","article_modified_time":"2020-11-28T21:36:39+00:00","twitter_card":"summary_large_image","twitter_misc":{"Est. reading time":"1 minute"},"schema":{"@context":"https:\/\/schema.org","@graph":[{"@type":"WebPage","@id":"https:\/\/www.auxtroisdamoiselles.com\/bistrot\/","url":"https:\/\/www.auxtroisdamoiselles.com\/bistrot\/","name":"[:fr]Bistrot[:en]Bistro[:] - Aux trois damoiselles","isPartOf":{"@id":"https:\/\/www.auxtroisdamoiselles.com\/en\/#website"},"datePublished":"2019-05-28T11:07:30+00:00","dateModified":"2020-11-28T21:36:39+00:00","description":"Le Boogie-Blues, petit bistrot dans la cour des Trois Damoiselles, vous accueille au printemps et en \u00e9t\u00e9 pour d\u00e9guster des produits autour de la pomme et","breadcrumb":{"@id":"https:\/\/www.auxtroisdamoiselles.com\/bistrot\/#breadcrumb"},"inLanguage":"en-US","potentialAction":[{"@type":"ReadAction","target":["https:\/\/www.auxtroisdamoiselles.com\/bistrot\/"]}]},{"@type":"BreadcrumbList","@id":"https:\/\/www.auxtroisdamoiselles.com\/bistrot\/#breadcrumb","itemListElement":[{"@type":"ListItem","position":1,"name":"Accueil","item":"https:\/\/www.auxtroisdamoiselles.com\/en\/"},{"@type":"ListItem","position":2,"name":"Bistrot"}]},{"@type":"WebSite","@id":"https:\/\/www.auxtroisdamoiselles.com\/en\/#website","url":"https:\/\/www.auxtroisdamoiselles.com\/en\/","name":"Aux trois damoiselles","description":"","potentialAction":[{"@type":"SearchAction","target":{"@type":"EntryPoint","urlTemplate":"https:\/\/www.auxtroisdamoiselles.com\/en\/?s={search_term_string}"},"query-input":{"@type":"PropertyValueSpecification","valueRequired":true,"valueName":"search_term_string"}}],"inLanguage":"en-US"}]}},"_links":{"self":[{"href":"https:\/\/www.auxtroisdamoiselles.com\/en\/wp-json\/wp\/v2\/pages\/930","targetHints":{"allow":["GET"]}}],"collection":[{"href":"https:\/\/www.auxtroisdamoiselles.com\/en\/wp-json\/wp\/v2\/pages"}],"about":[{"href":"https:\/\/www.auxtroisdamoiselles.com\/en\/wp-json\/wp\/v2\/types\/page"}],"author":[{"embeddable":true,"href":"https:\/\/www.auxtroisdamoiselles.com\/en\/wp-json\/wp\/v2\/users\/1"}],"replies":[{"embeddable":true,"href":"https:\/\/www.auxtroisdamoiselles.com\/en\/wp-json\/wp\/v2\/comments?post=930"}],"version-history":[{"count":29,"href":"https:\/\/www.auxtroisdamoiselles.com\/en\/wp-json\/wp\/v2\/pages\/930\/revisions"}],"predecessor-version":[{"id":982,"href":"https:\/\/www.auxtroisdamoiselles.com\/en\/wp-json\/wp\/v2\/pages\/930\/revisions\/982"}],"wp:attachment":[{"href":"https:\/\/www.auxtroisdamoiselles.com\/en\/wp-json\/wp\/v2\/media?parent=930"}],"curies":[{"name":"wp","href":"https:\/\/api.w.org\/{rel}","templated":true}]}}