{"id":49,"date":"2017-06-26T16:22:32","date_gmt":"2017-06-26T14:22:32","guid":{"rendered":"https:\/\/www.auxtroisdamoiselles.com\/?page_id=49"},"modified":"2020-11-28T22:34:15","modified_gmt":"2020-11-28T21:34:15","slug":"beuvron-en-auge","status":"publish","type":"page","link":"https:\/\/www.auxtroisdamoiselles.com\/en\/beuvron-en-auge\/","title":{"rendered":"Beuvron-en-Auge"},"content":{"rendered":"<p>Work in progress.<\/p>\n<div class=\"wp-playlist wp-video-playlist wp-playlist-light\">\n\t\t<video controls=\"controls\" preload=\"none\" width=\"734\"\n\t\t height=\"413\"\t><\/video>\n\t<div class=\"wp-playlist-next\"><\/div>\n\t<div class=\"wp-playlist-prev\"><\/div>\n\t<noscript>\n\t<ol>\n\t\t<li><a href='https:\/\/www.auxtroisdamoiselles.com\/wp-content\/uploads\/2017\/08\/Beuvron-en-Auge-D\u00e9partement-Calvados-Le-Village-Pr\u00e9f\u00e9r\u00e9-des-Fran\u00e7ais.mp4'>France 2 - Le Village Pr\u00e9f\u00e9r\u00e9 des fran\u00e7ais 2014 -Beuvron-en-Auge - D\u00e9partement Calvados - R\u00e9gion Normandie<\/a><\/li>\t<\/ol>\n\t<\/noscript>\n\t<script type=\"application\/json\" class=\"wp-playlist-script\">{\"type\":\"video\",\"tracklist\":true,\"tracknumbers\":true,\"images\":true,\"artists\":true,\"tracks\":[{\"src\":\"https:\/\/www.auxtroisdamoiselles.com\/wp-content\/uploads\/2017\/08\/Beuvron-en-Auge-D\\u00e9partement-Calvados-Le-Village-Pr\\u00e9f\\u00e9r\\u00e9-des-Fran\\u00e7ais.mp4\",\"type\":\"video\/mp4\",\"title\":\"France 2 - Le Village Pr\\u00e9f\\u00e9r\\u00e9 des fran\\u00e7ais 2014 -Beuvron-en-Auge - D\\u00e9partement Calvados - R\\u00e9gion Normandie\",\"caption\":\"\",\"description\":\"\",\"meta\":{\"length_formatted\":\"3:47\"},\"dimensions\":{\"original\":{\"width\":1280,\"height\":720},\"resized\":{\"width\":734,\"height\":413}},\"image\":{\"src\":\"https:\/\/www.auxtroisdamoiselles.com\/wp-content\/uploads\/2017\/08\/Capturebbbbbbbbbbbbbbbbbb.jpg\",\"width\":938,\"height\":529},\"thumb\":{\"src\":\"https:\/\/www.auxtroisdamoiselles.com\/wp-content\/uploads\/2017\/08\/Capturebbbbbbbbbbbbbbbbbb-150x150.jpg\",\"width\":150,\"height\":150}}]}<\/script>\n<\/div>\n\t\n<div class=\"service-column service-info-box service-column-1 service-boxes-icon-with-title alignicon-left alignicon-left-horizontal serviceboxes-horizontal clearfix\">\n<div class=\"service-item service-item-space\"><h4>France 2 TV show - The Most Beautiful Villages in France: Philippe DAVID presents Beuvron-en-Auge<\/h4><div class=\"service-details\"> <\/div><\/div>\n<\/div>\n<p>&nbsp;<\/p>","protected":false},"excerpt":{"rendered":"<p>Work in progress. &nbsp;<\/p>\n","protected":false},"author":2,"featured_media":0,"parent":0,"menu_order":0,"comment_status":"closed","ping_status":"closed","template":"","meta":{"footnotes":""},"class_list":["post-49","page","type-page","status-publish","hentry"],"yoast_head":"<!-- This site is optimized with the Yoast SEO plugin v27.1.1 - https:\/\/yoast.com\/product\/yoast-seo-wordpress\/ -->\n<title>Beuvron-en-Auge - Aux trois damoiselles<\/title>\n<meta name=\"description\" content=\"Les Trois Damoiselles,\u00a0situ\u00e9es en\u00a0Normandie,\u00a0\u00e0\u00a0\u00a0Beuvron-en-Auge,\u00a0dans l&#039;un des \u00ab Plus Beaux Villages de France&#x2122;\u00a0\u00bb \u00e0 2 heures de Paris, 30 minutes\" \/>\n<meta name=\"robots\" content=\"index, follow, max-snippet:-1, max-image-preview:large, max-video-preview:-1\" \/>\n<link rel=\"canonical\" href=\"https:\/\/www.auxtroisdamoiselles.com\/beuvron-en-auge\/\" \/>\n<meta property=\"og:locale\" content=\"en_US\" \/>\n<meta property=\"og:type\" content=\"article\" \/>\n<meta property=\"og:title\" content=\"[:fr]Beuvron-en-Auge [:en]Beuvron-en-Auge[:] - Aux trois damoiselles\" \/>\n<meta property=\"og:description\" content=\"Les Trois Damoiselles,\u00a0situ\u00e9es en\u00a0Normandie,\u00a0\u00e0\u00a0\u00a0Beuvron-en-Auge,\u00a0dans l&#039;un des \u00ab Plus Beaux Villages de France&#x2122;\u00a0\u00bb \u00e0 2 heures de Paris, 30 minutes\" \/>\n<meta property=\"og:url\" content=\"https:\/\/www.auxtroisdamoiselles.com\/beuvron-en-auge\/\" \/>\n<meta property=\"og:site_name\" content=\"Aux trois damoiselles\" \/>\n<meta property=\"article:modified_time\" content=\"2020-11-28T21:34:15+00:00\" \/>\n<meta name=\"twitter:card\" content=\"summary_large_image\" \/>\n<meta name=\"twitter:label1\" content=\"Est. reading time\" \/>\n\t<meta name=\"twitter:data1\" content=\"1 minute\" \/>\n<script type=\"application\/ld+json\" class=\"yoast-schema-graph\">{\"@context\":\"https:\/\/schema.org\",\"@graph\":[{\"@type\":\"WebPage\",\"@id\":\"https:\/\/www.auxtroisdamoiselles.com\/beuvron-en-auge\/\",\"url\":\"https:\/\/www.auxtroisdamoiselles.com\/beuvron-en-auge\/\",\"name\":\"[:fr]Beuvron-en-Auge [:en]Beuvron-en-Auge[:] - Aux trois damoiselles\",\"isPartOf\":{\"@id\":\"https:\/\/www.auxtroisdamoiselles.com\/en\/#website\"},\"datePublished\":\"2017-06-26T14:22:32+00:00\",\"dateModified\":\"2020-11-28T21:34:15+00:00\",\"description\":\"Les Trois Damoiselles,\u00a0situ\u00e9es en\u00a0Normandie,\u00a0\u00e0\u00a0\u00a0Beuvron-en-Auge,\u00a0dans l'un des \u00ab Plus Beaux Villages de France&#x2122;\u00a0\u00bb \u00e0 2 heures de Paris, 30 minutes\",\"breadcrumb\":{\"@id\":\"https:\/\/www.auxtroisdamoiselles.com\/beuvron-en-auge\/#breadcrumb\"},\"inLanguage\":\"en-US\",\"potentialAction\":[{\"@type\":\"ReadAction\",\"target\":[\"https:\/\/www.auxtroisdamoiselles.com\/beuvron-en-auge\/\"]}]},{\"@type\":\"BreadcrumbList\",\"@id\":\"https:\/\/www.auxtroisdamoiselles.com\/beuvron-en-auge\/#breadcrumb\",\"itemListElement\":[{\"@type\":\"ListItem\",\"position\":1,\"name\":\"Accueil\",\"item\":\"https:\/\/www.auxtroisdamoiselles.com\/en\/\"},{\"@type\":\"ListItem\",\"position\":2,\"name\":\"Beuvron-en-Auge\"}]},{\"@type\":\"WebSite\",\"@id\":\"https:\/\/www.auxtroisdamoiselles.com\/en\/#website\",\"url\":\"https:\/\/www.auxtroisdamoiselles.com\/en\/\",\"name\":\"Aux trois damoiselles\",\"description\":\"\",\"potentialAction\":[{\"@type\":\"SearchAction\",\"target\":{\"@type\":\"EntryPoint\",\"urlTemplate\":\"https:\/\/www.auxtroisdamoiselles.com\/en\/?s={search_term_string}\"},\"query-input\":{\"@type\":\"PropertyValueSpecification\",\"valueRequired\":true,\"valueName\":\"search_term_string\"}}],\"inLanguage\":\"en-US\"}]}<\/script>\n<!-- \/ Yoast SEO plugin. -->","yoast_head_json":{"title":"[:fr]Beuvron-en-Auge [:en]Beuvron-en-Auge[:] - Aux trois damoiselles","description":"Les Trois Damoiselles,\u00a0situ\u00e9es en\u00a0Normandie,\u00a0\u00e0\u00a0\u00a0Beuvron-en-Auge,\u00a0dans l'un des \u00ab Plus Beaux Villages de France&#x2122;\u00a0\u00bb \u00e0 2 heures de Paris, 30 minutes","robots":{"index":"index","follow":"follow","max-snippet":"max-snippet:-1","max-image-preview":"max-image-preview:large","max-video-preview":"max-video-preview:-1"},"canonical":"https:\/\/www.auxtroisdamoiselles.com\/beuvron-en-auge\/","og_locale":"en_US","og_type":"article","og_title":"[:fr]Beuvron-en-Auge [:en]Beuvron-en-Auge[:] - Aux trois damoiselles","og_description":"Les Trois Damoiselles,\u00a0situ\u00e9es en\u00a0Normandie,\u00a0\u00e0\u00a0\u00a0Beuvron-en-Auge,\u00a0dans l'un des \u00ab Plus Beaux Villages de France&#x2122;\u00a0\u00bb \u00e0 2 heures de Paris, 30 minutes","og_url":"https:\/\/www.auxtroisdamoiselles.com\/beuvron-en-auge\/","og_site_name":"Aux trois damoiselles","article_modified_time":"2020-11-28T21:34:15+00:00","twitter_card":"summary_large_image","twitter_misc":{"Est. reading time":"1 minute"},"schema":{"@context":"https:\/\/schema.org","@graph":[{"@type":"WebPage","@id":"https:\/\/www.auxtroisdamoiselles.com\/beuvron-en-auge\/","url":"https:\/\/www.auxtroisdamoiselles.com\/beuvron-en-auge\/","name":"[:fr]Beuvron-en-Auge [:en]Beuvron-en-Auge[:] - Aux trois damoiselles","isPartOf":{"@id":"https:\/\/www.auxtroisdamoiselles.com\/en\/#website"},"datePublished":"2017-06-26T14:22:32+00:00","dateModified":"2020-11-28T21:34:15+00:00","description":"Les Trois Damoiselles,\u00a0situ\u00e9es en\u00a0Normandie,\u00a0\u00e0\u00a0\u00a0Beuvron-en-Auge,\u00a0dans l'un des \u00ab Plus Beaux Villages de France&#x2122;\u00a0\u00bb \u00e0 2 heures de Paris, 30 minutes","breadcrumb":{"@id":"https:\/\/www.auxtroisdamoiselles.com\/beuvron-en-auge\/#breadcrumb"},"inLanguage":"en-US","potentialAction":[{"@type":"ReadAction","target":["https:\/\/www.auxtroisdamoiselles.com\/beuvron-en-auge\/"]}]},{"@type":"BreadcrumbList","@id":"https:\/\/www.auxtroisdamoiselles.com\/beuvron-en-auge\/#breadcrumb","itemListElement":[{"@type":"ListItem","position":1,"name":"Accueil","item":"https:\/\/www.auxtroisdamoiselles.com\/en\/"},{"@type":"ListItem","position":2,"name":"Beuvron-en-Auge"}]},{"@type":"WebSite","@id":"https:\/\/www.auxtroisdamoiselles.com\/en\/#website","url":"https:\/\/www.auxtroisdamoiselles.com\/en\/","name":"Aux trois damoiselles","description":"","potentialAction":[{"@type":"SearchAction","target":{"@type":"EntryPoint","urlTemplate":"https:\/\/www.auxtroisdamoiselles.com\/en\/?s={search_term_string}"},"query-input":{"@type":"PropertyValueSpecification","valueRequired":true,"valueName":"search_term_string"}}],"inLanguage":"en-US"}]}},"_links":{"self":[{"href":"https:\/\/www.auxtroisdamoiselles.com\/en\/wp-json\/wp\/v2\/pages\/49","targetHints":{"allow":["GET"]}}],"collection":[{"href":"https:\/\/www.auxtroisdamoiselles.com\/en\/wp-json\/wp\/v2\/pages"}],"about":[{"href":"https:\/\/www.auxtroisdamoiselles.com\/en\/wp-json\/wp\/v2\/types\/page"}],"author":[{"embeddable":true,"href":"https:\/\/www.auxtroisdamoiselles.com\/en\/wp-json\/wp\/v2\/users\/2"}],"replies":[{"embeddable":true,"href":"https:\/\/www.auxtroisdamoiselles.com\/en\/wp-json\/wp\/v2\/comments?post=49"}],"version-history":[{"count":167,"href":"https:\/\/www.auxtroisdamoiselles.com\/en\/wp-json\/wp\/v2\/pages\/49\/revisions"}],"predecessor-version":[{"id":980,"href":"https:\/\/www.auxtroisdamoiselles.com\/en\/wp-json\/wp\/v2\/pages\/49\/revisions\/980"}],"wp:attachment":[{"href":"https:\/\/www.auxtroisdamoiselles.com\/en\/wp-json\/wp\/v2\/media?parent=49"}],"curies":[{"name":"wp","href":"https:\/\/api.w.org\/{rel}","templated":true}]}}